{"id":86,"date":"2013-02-21T09:35:13","date_gmt":"2013-02-21T09:35:13","guid":{"rendered":"http:\/\/localhost\/wordpress\/medicenter\/?page_id=86"},"modified":"2022-05-11T18:38:11","modified_gmt":"2022-05-11T18:38:11","slug":"gebelik-ve-dogum","status":"publish","type":"page","link":"https:\/\/www.nadidekorkut.com.tr\/?page_id=86","title":{"rendered":"Gebelik Ve Do\u011fum"},"content":{"rendered":"<p>[vc_row type=&#8221;full-width&#8221;][vc_column][rev_slider_vc alias=&#8221;slider-2-1&#8243;][vc_empty_space][vc_row_inner][vc_column_inner width=&#8221;1\/2&#8243;][vc_column_text]<\/p>\n<h1 style=\"text-align: left;\">Size De\u011fer Veriyoruz! Erken Tan\u0131 ve Tedavi Uyguluyoruz!<\/h1>\n<p>[\/vc_column_text][\/vc_column_inner][vc_column_inner width=&#8221;1\/2&#8243;][vc_column_text]<\/p>\n<div class=\"wpb_text_column wpb_content_element large padding-0\">\n<div class=\"wpb_wrapper\">\n<p style=\"text-align: right;\">Tam hizmetli bir te\u015fhis merkezi ve t\u0131bbi bak\u0131m klini\u011finde tedavi olacaks\u0131n\u0131z. Bu y\u00fczden \u00f6ncelikle ho\u015f geldiniz. Sertifikal\u0131 uzmanlar taraf\u0131ndan hemen m\u00fcdahale edilmesi gereken hayati tehlike olu\u015fturmayan ya da olu\u015fturan t\u00fcm hastal\u0131k ve yaralanmalar ba\u015fta olmak \u00fczere\u00a0 ihtiyac\u0131n\u0131z olan her \u015fey i\u00e7in h\u0131zl\u0131, etkili tedavi sa\u011fl\u0131yoruz.<\/p>\n<\/div>\n<\/div>\n<p>[\/vc_column_text][\/vc_column_inner][\/vc_row_inner][vc_empty_space][vc_row_inner][vc_column_inner width=&#8221;1\/2&#8243;][vc_column_text]<\/p>\n<h2 style=\"text-align: center;\">Uzmanl\u0131k ve Hizmet Alanlar\u0131m\u0131z:<\/h2>\n<p style=\"text-align: center;\">1 \u2013 Normal ve Sezaryen Do\u011fum (Genel ve Epidural anastezi ile)<\/p>\n<p style=\"text-align: center;\">2 \u2013 A\u00e7\u0131k ve Kapal\u0131 (Laparaskopik) ve (Histereskopik) operasyonlar<\/p>\n<p style=\"text-align: center;\">3 \u2013 Gebelik \u00f6ncesi de\u011ferlendirme \u2013 Gebelik Takibi \u2013 Riskli Gebelik<\/p>\n<p style=\"text-align: center;\">4 \u2013 Genital b\u00f6lgede Sarkma ve \u0130drar ka\u00e7\u0131rma te\u015fhis \u2013 Ameliyat ve Tedavileri<\/p>\n<p style=\"text-align: center;\">5 \u2013 Genital Enfeksiyonlar, HPV, Si\u011fil Tedavileri ve Kalposkopik inceleme<\/p>\n<p style=\"text-align: center;\">6 \u2013 Yumurtal\u0131k Kistleri ve \u00c7ikolata Kisti Te\u015fhis, Ameliyat ve Tedavileri<\/p>\n<p style=\"text-align: center;\">7 \u2013 \u0130nfertilite (K\u0131s\u0131rl\u0131k) tan\u0131 ve tedavileri A\u015f\u0131lama: (\u0130ntrauterin \u0130nseminasyon)<\/p>\n<p>[\/vc_column_text][\/vc_column_inner][vc_column_inner width=&#8221;1\/2&#8243;][vc_single_image image=&#8221;5618&#8243; img_size=&#8221;full&#8221;][\/vc_column_inner][\/vc_row_inner][\/vc_column][\/vc_row][vc_row top_margin=&#8221;page-margin-top&#8221; el_position=&#8221;last&#8221;][vc_column]<div class=\"announcement clearfix vertical-align-table\">\n\t\t\t\t\t<ul class=\"vertical-align\">\n\t\t\t\t\t\t<li class=\"vertical-align-cell\"><h2>Acil Bir Durum Mu Var?<\/h2><p>Her ne kadar doktor olarak hizmet veriyor olsak dahi acil bir durumda yan\u0131n\u0131zday\u0131z. Acil bir durum mu var?<\/p>\n<\/li><li class=\"vertical-align-cell\">\n\t\t\t\t\t\t<a title=\"Hemen Bizi Aray\u0131n\" href=\"https:\/\/www.nadidekorkut.com.tr\/?page_id=1294\" class=\"more mc-button dark-color medium animated-element animation-slideLeft\">Hemen Bizi Aray\u0131n<\/a>\n\t\t\t\t\t<\/li><\/ul>\n\t\t\t<\/div>[\/vc_column][\/vc_row]<\/p>\n","protected":false},"excerpt":{"rendered":"<p>[vc_row type=&#8221;full-width&#8221;][vc_column][rev_slider_vc alias=&#8221;slider-2-1&#8243;][vc_empty_space][vc_row_inner][vc_column_inner width=&#8221;1\/2&#8243;][vc_column_text] Size De\u011fer Veriyoruz! Erken Tan\u0131 ve Tedavi Uyguluyoruz! [\/vc_column_text][\/vc_column_inner][vc_column_inner width=&#8221;1\/2&#8243;][vc_column_text] Tam hizmetli bir te\u015fhis merkezi ve t\u0131bbi bak\u0131m klini\u011finde tedavi olacaks\u0131n\u0131z. Bu y\u00fczden \u00f6ncelikle ho\u015f geldiniz. Sertifikal\u0131 uzmanlar taraf\u0131ndan hemen m\u00fcdahale edilmesi gereken hayati tehlike olu\u015fturmayan ya da olu\u015fturan t\u00fcm hastal\u0131k ve yaralanmalar ba\u015fta olmak \u00fczere\u00a0 ihtiyac\u0131n\u0131z olan her \u015fey i\u00e7in<\/p>\n","protected":false},"author":1,"featured_media":0,"parent":0,"menu_order":0,"comment_status":"open","ping_status":"closed","template":"template-default-without-breadcrumbs.php","meta":{"footnotes":""},"class_list":["post-86","page","type-page","status-publish","hentry"],"_links":{"self":[{"href":"https:\/\/www.nadidekorkut.com.tr\/index.php?rest_route=\/wp\/v2\/pages\/86","targetHints":{"allow":["GET"]}}],"collection":[{"href":"https:\/\/www.nadidekorkut.com.tr\/index.php?rest_route=\/wp\/v2\/pages"}],"about":[{"href":"https:\/\/www.nadidekorkut.com.tr\/index.php?rest_route=\/wp\/v2\/types\/page"}],"author":[{"embeddable":true,"href":"https:\/\/www.nadidekorkut.com.tr\/index.php?rest_route=\/wp\/v2\/users\/1"}],"replies":[{"embeddable":true,"href":"https:\/\/www.nadidekorkut.com.tr\/index.php?rest_route=%2Fwp%2Fv2%2Fcomments&post=86"}],"version-history":[{"count":11,"href":"https:\/\/www.nadidekorkut.com.tr\/index.php?rest_route=\/wp\/v2\/pages\/86\/revisions"}],"predecessor-version":[{"id":5631,"href":"https:\/\/www.nadidekorkut.com.tr\/index.php?rest_route=\/wp\/v2\/pages\/86\/revisions\/5631"}],"wp:attachment":[{"href":"https:\/\/www.nadidekorkut.com.tr\/index.php?rest_route=%2Fwp%2Fv2%2Fmedia&parent=86"}],"curies":[{"name":"wp","href":"https:\/\/api.w.org\/{rel}","templated":true}]}}