{"id":752,"date":"2013-03-27T12:40:10","date_gmt":"2013-03-27T12:40:10","guid":{"rendered":"http:\/\/localhost\/wordpress\/medicenter\/?page_id=752"},"modified":"2022-05-11T18:20:00","modified_gmt":"2022-05-11T18:20:00","slug":"blog","status":"publish","type":"page","link":"https:\/\/www.nadidekorkut.com.tr\/?page_id=752","title":{"rendered":"Blog"},"content":{"rendered":"<p>[vc_row el_position=&#8221;first last&#8221;][vc_column width=&#8221;2\/3&#8243;]<div class=\"columns clearfix layout-row\"><ul class=\"blog clearfix page-margin-top\"><li class=\"vc_col-sm-6 wpb_column vc_column_container  post post-5406 type-post status-publish format-standard hentry category-kategorisiz\"><ul class=\"comment-box clearfix\"><li class=\"date\">\n\t\t\t\t\t\t\t\t<div class=\"value\">NISAN 29, 2022<\/div>\n\t\t\t\t\t\t\t\t<div class=\"arrow-date\"><\/div>\n\t\t\t\t\t\t\t<\/li><li class=\"comments-number\">\t\t\t<a href=\"https:\/\/www.nadidekorkut.com.tr\/?p=5406#comments\" title=\"1 COMMENT\">1<\/a>\n\t\t\t\t\t\t\t<\/li><\/ul><div class=\"post-content\"><h2 class=\"post-title\"><a href=\"https:\/\/www.nadidekorkut.com.tr\/?p=5406\" title=\"Sezeryan ve Normal Do\u011fum Sonras\u0131 Toparlanma S\u00fcreci\">Sezeryan ve Normal Do\u011fum Sonras\u0131 Toparlanma S\u00fcreci<\/a><\/h2><p>Gebelik ve do\u011fum kad\u0131n\u0131n fizik ve ruh sa\u011fl\u0131\u011f\u0131n\u0131 ciddi derecede etkileyen \u00f6nemli bir d\u00f6nemdir. \u00d6zellikle lo\u011fusal\u0131kta ve hatta ilk do\u011fumlarda yetersizlik duygusu ve yorgunluk, hem fizik&#8230;<\/p>\n<a title=\"Read more\" href=\"https:\/\/www.nadidekorkut.com.tr\/?p=5406\" class=\"more template-arrow-horizontal-1-after\">Read more<\/a>\t\t<div class=\"post-footer clearfix\">\n\t\t\t\t\t\t\t\t<ul class=\"post-footer-details\"><li class=\"post-footer-author\">\n\t\t\t\t\t\t\t\t\t\t<a class=\"author\" href=\"https:\/\/www.nadidekorkut.com.tr\/demo\" title=\"berkay\">berkay<\/a>\n\t\t\t\t\t\t\t\t\t<\/li><li class=\"post-footer-category\">\n\t\t\t\t\t\t\t\t\t\t\t<a href=\"https:\/\/www.nadidekorkut.com.tr\/?cat=1\" title=\"View all posts filed under Kategorisiz\">Kategorisiz<\/a>\n\t\t\t\t\t\t\t\t\t\t<\/li><\/ul><\/div><\/div><\/li><li class=\"vc_col-sm-6 wpb_column vc_column_container  post post-5403 type-post status-publish format-standard hentry category-kategorisiz\"><ul class=\"comment-box clearfix\"><li class=\"date\">\n\t\t\t\t\t\t\t\t<div class=\"value\">NISAN 29, 2022<\/div>\n\t\t\t\t\t\t\t\t<div class=\"arrow-date\"><\/div>\n\t\t\t\t\t\t\t<\/li><li class=\"comments-number\">\t\t\t<a href=\"https:\/\/www.nadidekorkut.com.tr\/?p=5403#comments\" title=\"1 COMMENT\">1<\/a>\n\t\t\t\t\t\t\t<\/li><\/ul><div class=\"post-content\"><h2 class=\"post-title\"><a href=\"https:\/\/www.nadidekorkut.com.tr\/?p=5403\" title=\"Hamilelik \u0130le \u0130lgili Do\u011fru Bilinen 10 Yanl\u0131\u015f\">Hamilelik \u0130le \u0130lgili Do\u011fru Bilinen 10 Yanl\u0131\u015f<\/a><\/h2><p>Hamileyken iki ki\u015filik yemek yemek, gebelik s\u00fcresince t\u00fcm seyahatleri iptal etmek ve m\u00fcmk\u00fcn oldu\u011funca az hareket edip, sporu k\u0131s\u0131tlamak\u2026T\u00fcm bu do\u011fru bilinen yanl\u0131\u015f uygulamalar, gebelik&#8230;<\/p>\n<a title=\"Read more\" href=\"https:\/\/www.nadidekorkut.com.tr\/?p=5403\" class=\"more template-arrow-horizontal-1-after\">Read more<\/a>\t\t<div class=\"post-footer clearfix\">\n\t\t\t\t\t\t\t\t<ul class=\"post-footer-details\"><li class=\"post-footer-author\">\n\t\t\t\t\t\t\t\t\t\t<a class=\"author\" href=\"https:\/\/www.nadidekorkut.com.tr\/demo\" title=\"berkay\">berkay<\/a>\n\t\t\t\t\t\t\t\t\t<\/li><li class=\"post-footer-category\">\n\t\t\t\t\t\t\t\t\t\t\t<a href=\"https:\/\/www.nadidekorkut.com.tr\/?cat=1\" title=\"View all posts filed under Kategorisiz\">Kategorisiz<\/a>\n\t\t\t\t\t\t\t\t\t\t<\/li><\/ul><\/div><\/div><\/li><\/ul><ul class=\"blog clearfix\"><li class=\"vc_col-sm-6 wpb_column vc_column_container  post post-5400 type-post status-publish format-standard hentry category-kategorisiz\"><ul class=\"comment-box clearfix\"><li class=\"date\">\n\t\t\t\t\t\t\t\t<div class=\"value\">NISAN 29, 2022<\/div>\n\t\t\t\t\t\t\t\t<div class=\"arrow-date\"><\/div>\n\t\t\t\t\t\t\t<\/li><li class=\"comments-number\">\t\t\t<a href=\"https:\/\/www.nadidekorkut.com.tr\/?p=5400#respond\" title=\"0 COMMENTS\">0<\/a>\n\t\t\t\t\t\t\t<\/li><\/ul><div class=\"post-content\"><h2 class=\"post-title\"><a href=\"https:\/\/www.nadidekorkut.com.tr\/?p=5400\" title=\"Normal Do\u011fum\">Normal Do\u011fum<\/a><\/h2><p>Normal do\u011fum 38-42 gebelik haftalar\u0131 aras\u0131nda, kendili\u011finden ba\u015flayan rahim kas\u0131lmalar\u0131yla, ba\u015fla gelen tek bir bebe\u011fin anne ve bebe\u011fe zarar vermeden vajinal yolla canl\u0131 olarak do\u011fmas\u0131d\u0131r&#8230;.<\/p>\n<a title=\"Read more\" href=\"https:\/\/www.nadidekorkut.com.tr\/?p=5400\" class=\"more template-arrow-horizontal-1-after\">Read more<\/a>\t\t<div class=\"post-footer clearfix\">\n\t\t\t\t\t\t\t\t<ul class=\"post-footer-details\"><li class=\"post-footer-author\">\n\t\t\t\t\t\t\t\t\t\t<a class=\"author\" href=\"https:\/\/www.nadidekorkut.com.tr\/demo\" title=\"berkay\">berkay<\/a>\n\t\t\t\t\t\t\t\t\t<\/li><li class=\"post-footer-category\">\n\t\t\t\t\t\t\t\t\t\t\t<a href=\"https:\/\/www.nadidekorkut.com.tr\/?cat=1\" title=\"View all posts filed under Kategorisiz\">Kategorisiz<\/a>\n\t\t\t\t\t\t\t\t\t\t<\/li><\/ul><\/div><\/div><\/li><li class=\"vc_col-sm-6 wpb_column vc_column_container  post post-5398 type-post status-publish format-standard hentry category-kategorisiz\"><ul class=\"comment-box clearfix\"><li class=\"date\">\n\t\t\t\t\t\t\t\t<div class=\"value\">NISAN 29, 2022<\/div>\n\t\t\t\t\t\t\t\t<div class=\"arrow-date\"><\/div>\n\t\t\t\t\t\t\t<\/li><li class=\"comments-number\">\t\t\t<a href=\"https:\/\/www.nadidekorkut.com.tr\/?p=5398#respond\" title=\"0 COMMENTS\">0<\/a>\n\t\t\t\t\t\t\t<\/li><\/ul><div class=\"post-content\"><h2 class=\"post-title\"><a href=\"https:\/\/www.nadidekorkut.com.tr\/?p=5398\" title=\"Erken Do\u011fum\">Erken Do\u011fum<\/a><\/h2><p>Erken do\u011fum ya da preterm do\u011fum son adet tarihine g\u00f6re 37 gebelik haftas\u0131n\u0131n tamamlanmas\u0131ndan \u00f6nce do\u011fum olmas\u0131d\u0131r. Do\u011fum sanc\u0131lar\u0131n\u0131n ba\u015flamas\u0131 ise erken do\u011fum tehdidi olarak adland\u0131r\u0131l\u0131r&#8230;.<\/p>\n<a title=\"Read more\" href=\"https:\/\/www.nadidekorkut.com.tr\/?p=5398\" class=\"more template-arrow-horizontal-1-after\">Read more<\/a>\t\t<div class=\"post-footer clearfix\">\n\t\t\t\t\t\t\t\t<ul class=\"post-footer-details\"><li class=\"post-footer-author\">\n\t\t\t\t\t\t\t\t\t\t<a class=\"author\" href=\"https:\/\/www.nadidekorkut.com.tr\/demo\" title=\"berkay\">berkay<\/a>\n\t\t\t\t\t\t\t\t\t<\/li><li class=\"post-footer-category\">\n\t\t\t\t\t\t\t\t\t\t\t<a href=\"https:\/\/www.nadidekorkut.com.tr\/?cat=1\" title=\"View all posts filed under Kategorisiz\">Kategorisiz<\/a>\n\t\t\t\t\t\t\t\t\t\t<\/li><\/ul><\/div><\/div><\/li><\/ul><ul class=\"blog clearfix\"><li class=\"vc_col-sm-6 wpb_column vc_column_container  post post-5395 type-post status-publish format-standard hentry category-kategorisiz\"><ul class=\"comment-box clearfix\"><li class=\"date\">\n\t\t\t\t\t\t\t\t<div class=\"value\">NISAN 29, 2022<\/div>\n\t\t\t\t\t\t\t\t<div class=\"arrow-date\"><\/div>\n\t\t\t\t\t\t\t<\/li><li class=\"comments-number\">\t\t\t<a href=\"https:\/\/www.nadidekorkut.com.tr\/?p=5395#respond\" title=\"0 COMMENTS\">0<\/a>\n\t\t\t\t\t\t\t<\/li><\/ul><div class=\"post-content\"><h2 class=\"post-title\"><a href=\"https:\/\/www.nadidekorkut.com.tr\/?p=5395\" title=\"Kan Uyu\u015fmazl\u0131\u011f\u0131\">Kan Uyu\u015fmazl\u0131\u011f\u0131<\/a><\/h2><p>Anne kan grubunun Rh(-), baban\u0131n ise Rh(+) olmas\u0131 durumunda Rh uygunsuzlu\u011fundan bahsedilir. Bu \u00e7iftlerde bebek Rh(+) yada Rh(-) olabilir, bebek Rh(-) ise bir problem olmaz fakat bebek Rh(+) ise&#8230;<\/p>\n<a title=\"Read more\" href=\"https:\/\/www.nadidekorkut.com.tr\/?p=5395\" class=\"more template-arrow-horizontal-1-after\">Read more<\/a>\t\t<div class=\"post-footer clearfix\">\n\t\t\t\t\t\t\t\t<ul class=\"post-footer-details\"><li class=\"post-footer-author\">\n\t\t\t\t\t\t\t\t\t\t<a class=\"author\" href=\"https:\/\/www.nadidekorkut.com.tr\/demo\" title=\"berkay\">berkay<\/a>\n\t\t\t\t\t\t\t\t\t<\/li><li class=\"post-footer-category\">\n\t\t\t\t\t\t\t\t\t\t\t<a href=\"https:\/\/www.nadidekorkut.com.tr\/?cat=1\" title=\"View all posts filed under Kategorisiz\">Kategorisiz<\/a>\n\t\t\t\t\t\t\t\t\t\t<\/li><\/ul><\/div><\/div><\/li><\/ul><\/div>[\/vc_column][vc_column width=&#8221;1\/3&#8243;][vc_widget_sidebar top_margin=&#8221;page-margin-top&#8221; sidebar_id=&#8221;sidebar-blog&#8221; el_position=&#8221;first&#8221;]<h3 class=\"box-header animation-slide page-margin-top\">Sosyal Medyadan Kareler<\/h3><ul class=\"photostream clearfix default\"><li class=\"gallery-box hover-icons-off\"><img loading=\"lazy\" decoding=\"async\" width=\"100\" height=\"100\" src=\"https:\/\/www.nadidekorkut.com.tr\/wp-content\/uploads\/2022\/05\/gebelikte-tansiyon-100x100.jpg\" class=\"attachment-medicenter-small-thumb size-medicenter-small-thumb\" alt=\"\" srcset=\"https:\/\/www.nadidekorkut.com.tr\/wp-content\/uploads\/2022\/05\/gebelikte-tansiyon-100x100.jpg 100w, https:\/\/www.nadidekorkut.com.tr\/wp-content\/uploads\/2022\/05\/gebelikte-tansiyon-300x298.jpg 300w, https:\/\/www.nadidekorkut.com.tr\/wp-content\/uploads\/2022\/05\/gebelikte-tansiyon-150x150.jpg 150w, https:\/\/www.nadidekorkut.com.tr\/wp-content\/uploads\/2022\/05\/gebelikte-tansiyon.jpg 615w\" sizes=\"auto, (max-width: 100px) 100vw, 100px\" \/><ul class=\"controls\">\n\t\t\t\t\t<li>\n\t\t\t\t\t\t<a href=\"https:\/\/www.nadidekorkut.com.tr\/wp-content\/uploads\/2022\/05\/gebelikte-tansiyon.jpg\" rel=photostream[Bunlar\u0131 Biliyor Muydunuz?]\" class=\"fancybox open-lightbox template-plus-2\"><\/a>\n\t\t\t\t\t<\/li>\n\t\t\t\t<\/ul>\n\t\t\t<\/li><li class=\"gallery-box hover-icons-off\"><img loading=\"lazy\" decoding=\"async\" width=\"100\" height=\"100\" src=\"https:\/\/www.nadidekorkut.com.tr\/wp-content\/uploads\/2022\/05\/ikiz-bebek-100x100.jpg\" class=\"attachment-medicenter-small-thumb size-medicenter-small-thumb\" alt=\"\" srcset=\"https:\/\/www.nadidekorkut.com.tr\/wp-content\/uploads\/2022\/05\/ikiz-bebek-100x100.jpg 100w, https:\/\/www.nadidekorkut.com.tr\/wp-content\/uploads\/2022\/05\/ikiz-bebek-300x300.jpg 300w, https:\/\/www.nadidekorkut.com.tr\/wp-content\/uploads\/2022\/05\/ikiz-bebek-150x150.jpg 150w, https:\/\/www.nadidekorkut.com.tr\/wp-content\/uploads\/2022\/05\/ikiz-bebek.jpg 615w\" sizes=\"auto, (max-width: 100px) 100vw, 100px\" \/><ul class=\"controls\">\n\t\t\t\t\t<li>\n\t\t\t\t\t\t<a href=\"https:\/\/www.nadidekorkut.com.tr\/wp-content\/uploads\/2022\/05\/ikiz-bebek.jpg\" rel=photostream[Bunlar\u0131 Biliyor Muydunuz?]\" class=\"fancybox open-lightbox template-plus-2\"><\/a>\n\t\t\t\t\t<\/li>\n\t\t\t\t<\/ul>\n\t\t\t<\/li><li class=\"gallery-box hover-icons-off\"><img loading=\"lazy\" decoding=\"async\" width=\"100\" height=\"100\" src=\"https:\/\/www.nadidekorkut.com.tr\/wp-content\/uploads\/2022\/05\/Vajinal-Enfeksiyon-100x100.jpg\" class=\"attachment-medicenter-small-thumb size-medicenter-small-thumb\" alt=\"\" srcset=\"https:\/\/www.nadidekorkut.com.tr\/wp-content\/uploads\/2022\/05\/Vajinal-Enfeksiyon-100x100.jpg 100w, https:\/\/www.nadidekorkut.com.tr\/wp-content\/uploads\/2022\/05\/Vajinal-Enfeksiyon-300x300.jpg 300w, https:\/\/www.nadidekorkut.com.tr\/wp-content\/uploads\/2022\/05\/Vajinal-Enfeksiyon-150x150.jpg 150w, https:\/\/www.nadidekorkut.com.tr\/wp-content\/uploads\/2022\/05\/Vajinal-Enfeksiyon.jpg 615w\" sizes=\"auto, (max-width: 100px) 100vw, 100px\" \/><ul class=\"controls\">\n\t\t\t\t\t<li>\n\t\t\t\t\t\t<a href=\"https:\/\/www.nadidekorkut.com.tr\/wp-content\/uploads\/2022\/05\/Vajinal-Enfeksiyon.jpg\" rel=photostream[Bunlar\u0131 Biliyor Muydunuz?]\" class=\"fancybox open-lightbox template-plus-2\"><\/a>\n\t\t\t\t\t<\/li>\n\t\t\t\t<\/ul>\n\t\t\t<\/li><li class=\"gallery-box hover-icons-off\"><img loading=\"lazy\" decoding=\"async\" width=\"100\" height=\"100\" src=\"https:\/\/www.nadidekorkut.com.tr\/wp-content\/uploads\/2022\/05\/cikolata-kisti-100x100.jpg\" class=\"attachment-medicenter-small-thumb size-medicenter-small-thumb\" alt=\"\" srcset=\"https:\/\/www.nadidekorkut.com.tr\/wp-content\/uploads\/2022\/05\/cikolata-kisti-100x100.jpg 100w, https:\/\/www.nadidekorkut.com.tr\/wp-content\/uploads\/2022\/05\/cikolata-kisti-300x298.jpg 300w, https:\/\/www.nadidekorkut.com.tr\/wp-content\/uploads\/2022\/05\/cikolata-kisti-150x150.jpg 150w, https:\/\/www.nadidekorkut.com.tr\/wp-content\/uploads\/2022\/05\/cikolata-kisti.jpg 615w\" sizes=\"auto, (max-width: 100px) 100vw, 100px\" \/><ul class=\"controls\">\n\t\t\t\t\t<li>\n\t\t\t\t\t\t<a href=\"https:\/\/www.nadidekorkut.com.tr\/wp-content\/uploads\/2022\/05\/cikolata-kisti.jpg\" rel=photostream[Bunlar\u0131 Biliyor Muydunuz?]\" class=\"fancybox open-lightbox template-plus-2\"><\/a>\n\t\t\t\t\t<\/li>\n\t\t\t\t<\/ul>\n\t\t\t<\/li><li class=\"gallery-box hover-icons-off\"><img loading=\"lazy\" decoding=\"async\" width=\"100\" height=\"100\" src=\"https:\/\/www.nadidekorkut.com.tr\/wp-content\/uploads\/2022\/05\/Rahim-agzi-kanseri-100x100.jpg\" class=\"attachment-medicenter-small-thumb size-medicenter-small-thumb\" alt=\"\" srcset=\"https:\/\/www.nadidekorkut.com.tr\/wp-content\/uploads\/2022\/05\/Rahim-agzi-kanseri-100x100.jpg 100w, https:\/\/www.nadidekorkut.com.tr\/wp-content\/uploads\/2022\/05\/Rahim-agzi-kanseri-300x300.jpg 300w, https:\/\/www.nadidekorkut.com.tr\/wp-content\/uploads\/2022\/05\/Rahim-agzi-kanseri-150x150.jpg 150w, https:\/\/www.nadidekorkut.com.tr\/wp-content\/uploads\/2022\/05\/Rahim-agzi-kanseri.jpg 611w\" sizes=\"auto, (max-width: 100px) 100vw, 100px\" \/><ul class=\"controls\">\n\t\t\t\t\t<li>\n\t\t\t\t\t\t<a href=\"https:\/\/www.nadidekorkut.com.tr\/wp-content\/uploads\/2022\/05\/Rahim-agzi-kanseri.jpg\" rel=photostream[Bunlar\u0131 Biliyor Muydunuz?]\" class=\"fancybox open-lightbox template-plus-2\"><\/a>\n\t\t\t\t\t<\/li>\n\t\t\t\t<\/ul>\n\t\t\t<\/li><li class=\"gallery-box hover-icons-off\"><img loading=\"lazy\" decoding=\"async\" width=\"100\" height=\"100\" src=\"https:\/\/www.nadidekorkut.com.tr\/wp-content\/uploads\/2022\/05\/hamilelikte-seker-100x100.jpg\" class=\"attachment-medicenter-small-thumb size-medicenter-small-thumb\" alt=\"\" srcset=\"https:\/\/www.nadidekorkut.com.tr\/wp-content\/uploads\/2022\/05\/hamilelikte-seker-100x100.jpg 100w, https:\/\/www.nadidekorkut.com.tr\/wp-content\/uploads\/2022\/05\/hamilelikte-seker-300x300.jpg 300w, https:\/\/www.nadidekorkut.com.tr\/wp-content\/uploads\/2022\/05\/hamilelikte-seker-150x150.jpg 150w, https:\/\/www.nadidekorkut.com.tr\/wp-content\/uploads\/2022\/05\/hamilelikte-seker.jpg 611w\" sizes=\"auto, (max-width: 100px) 100vw, 100px\" \/><ul class=\"controls\">\n\t\t\t\t\t<li>\n\t\t\t\t\t\t<a href=\"https:\/\/www.nadidekorkut.com.tr\/wp-content\/uploads\/2022\/05\/hamilelikte-seker.jpg\" rel=photostream[Bunlar\u0131 Biliyor Muydunuz?]\" class=\"fancybox open-lightbox template-plus-2\"><\/a>\n\t\t\t\t\t<\/li>\n\t\t\t\t<\/ul>\n\t\t\t<\/li><li class=\"gallery-box hover-icons-off\"><img loading=\"lazy\" decoding=\"async\" width=\"100\" height=\"100\" src=\"https:\/\/www.nadidekorkut.com.tr\/wp-content\/uploads\/2022\/05\/Gebelikten-korunmak-100x100.jpg\" class=\"attachment-medicenter-small-thumb size-medicenter-small-thumb\" alt=\"\" srcset=\"https:\/\/www.nadidekorkut.com.tr\/wp-content\/uploads\/2022\/05\/Gebelikten-korunmak-100x100.jpg 100w, https:\/\/www.nadidekorkut.com.tr\/wp-content\/uploads\/2022\/05\/Gebelikten-korunmak-300x297.jpg 300w, https:\/\/www.nadidekorkut.com.tr\/wp-content\/uploads\/2022\/05\/Gebelikten-korunmak-150x150.jpg 150w, https:\/\/www.nadidekorkut.com.tr\/wp-content\/uploads\/2022\/05\/Gebelikten-korunmak.jpg 617w\" sizes=\"auto, (max-width: 100px) 100vw, 100px\" \/><ul class=\"controls\">\n\t\t\t\t\t<li>\n\t\t\t\t\t\t<a href=\"https:\/\/www.nadidekorkut.com.tr\/wp-content\/uploads\/2022\/05\/Gebelikten-korunmak.jpg\" rel=photostream[Bunlar\u0131 Biliyor Muydunuz?]\" class=\"fancybox open-lightbox template-plus-2\"><\/a>\n\t\t\t\t\t<\/li>\n\t\t\t\t<\/ul>\n\t\t\t<\/li><li class=\"gallery-box hover-icons-off\"><img loading=\"lazy\" decoding=\"async\" width=\"100\" height=\"100\" src=\"https:\/\/www.nadidekorkut.com.tr\/wp-content\/uploads\/2022\/05\/ileri-yasta-gebelik-100x100.jpg\" class=\"attachment-medicenter-small-thumb size-medicenter-small-thumb\" alt=\"\" srcset=\"https:\/\/www.nadidekorkut.com.tr\/wp-content\/uploads\/2022\/05\/ileri-yasta-gebelik-100x100.jpg 100w, https:\/\/www.nadidekorkut.com.tr\/wp-content\/uploads\/2022\/05\/ileri-yasta-gebelik-300x298.jpg 300w, https:\/\/www.nadidekorkut.com.tr\/wp-content\/uploads\/2022\/05\/ileri-yasta-gebelik-150x150.jpg 150w, https:\/\/www.nadidekorkut.com.tr\/wp-content\/uploads\/2022\/05\/ileri-yasta-gebelik.jpg 615w\" sizes=\"auto, (max-width: 100px) 100vw, 100px\" \/><ul class=\"controls\">\n\t\t\t\t\t<li>\n\t\t\t\t\t\t<a href=\"https:\/\/www.nadidekorkut.com.tr\/wp-content\/uploads\/2022\/05\/ileri-yasta-gebelik.jpg\" rel=photostream[Bunlar\u0131 Biliyor Muydunuz?]\" class=\"fancybox open-lightbox template-plus-2\"><\/a>\n\t\t\t\t\t<\/li>\n\t\t\t\t<\/ul>\n\t\t\t<\/li><\/ul>[vc_widget_sidebar top_margin=&#8221;page-margin-top&#8221; sidebar_id=&#8221;sidebar-blog-2&#8243; el_position=&#8221;last&#8221;][\/vc_column][\/vc_row]<\/p>\n","protected":false},"excerpt":{"rendered":"<p>[vc_row el_position=&#8221;first last&#8221;][vc_column width=&#8221;2\/3&#8243;][\/vc_column][vc_column width=&#8221;1\/3&#8243;][vc_widget_sidebar top_margin=&#8221;page-margin-top&#8221; sidebar_id=&#8221;sidebar-blog&#8221; el_position=&#8221;first&#8221;][vc_widget_sidebar top_margin=&#8221;page-margin-top&#8221; sidebar_id=&#8221;sidebar-blog-2&#8243; el_position=&#8221;last&#8221;][\/vc_column][\/vc_row]<\/p>\n","protected":false},"author":1,"featured_media":0,"parent":0,"menu_order":0,"comment_status":"open","ping_status":"closed","template":"","meta":{"footnotes":""},"class_list":["post-752","page","type-page","status-publish","hentry"],"_links":{"self":[{"href":"https:\/\/www.nadidekorkut.com.tr\/index.php?rest_route=\/wp\/v2\/pages\/752","targetHints":{"allow":["GET"]}}],"collection":[{"href":"https:\/\/www.nadidekorkut.com.tr\/index.php?rest_route=\/wp\/v2\/pages"}],"about":[{"href":"https:\/\/www.nadidekorkut.com.tr\/index.php?rest_route=\/wp\/v2\/types\/page"}],"author":[{"embeddable":true,"href":"https:\/\/www.nadidekorkut.com.tr\/index.php?rest_route=\/wp\/v2\/users\/1"}],"replies":[{"embeddable":true,"href":"https:\/\/www.nadidekorkut.com.tr\/index.php?rest_route=%2Fwp%2Fv2%2Fcomments&post=752"}],"version-history":[{"count":3,"href":"https:\/\/www.nadidekorkut.com.tr\/index.php?rest_route=\/wp\/v2\/pages\/752\/revisions"}],"predecessor-version":[{"id":5627,"href":"https:\/\/www.nadidekorkut.com.tr\/index.php?rest_route=\/wp\/v2\/pages\/752\/revisions\/5627"}],"wp:attachment":[{"href":"https:\/\/www.nadidekorkut.com.tr\/index.php?rest_route=%2Fwp%2Fv2%2Fmedia&parent=752"}],"curies":[{"name":"wp","href":"https:\/\/api.w.org\/{rel}","templated":true}]}}