{"id":5263,"date":"2022-04-27T13:22:56","date_gmt":"2022-04-27T13:22:56","guid":{"rendered":"https:\/\/www.nadidekorkut.com.tr\/demo\/?page_id=5263"},"modified":"2022-04-28T15:29:39","modified_gmt":"2022-04-28T15:29:39","slug":"yumurtlama-donemi-hesaplayici","status":"publish","type":"page","link":"https:\/\/www.nadidekorkut.com.tr\/?page_id=5263","title":{"rendered":"Yumurtlama D\u00f6nemi Hesaplay\u0131c\u0131"},"content":{"rendered":"<p>[vc_row][vc_column][vc_raw_html]JTVCb3Z1bGF0aW9uY2FsY3VsYXRvciU1RA==[\/vc_raw_html][\/vc_column][\/vc_row]<\/p>\n","protected":false},"excerpt":{"rendered":"<p>[vc_row][vc_column][vc_raw_html]JTVCb3Z1bGF0aW9uY2FsY3VsYXRvciU1RA==[\/vc_raw_html][\/vc_column][\/vc_row]<\/p>\n","protected":false},"author":1,"featured_media":0,"parent":0,"menu_order":0,"comment_status":"closed","ping_status":"closed","template":"","meta":{"footnotes":""},"class_list":["post-5263","page","type-page","status-publish","hentry"],"_links":{"self":[{"href":"https:\/\/www.nadidekorkut.com.tr\/index.php?rest_route=\/wp\/v2\/pages\/5263","targetHints":{"allow":["GET"]}}],"collection":[{"href":"https:\/\/www.nadidekorkut.com.tr\/index.php?rest_route=\/wp\/v2\/pages"}],"about":[{"href":"https:\/\/www.nadidekorkut.com.tr\/index.php?rest_route=\/wp\/v2\/types\/page"}],"author":[{"embeddable":true,"href":"https:\/\/www.nadidekorkut.com.tr\/index.php?rest_route=\/wp\/v2\/users\/1"}],"replies":[{"embeddable":true,"href":"https:\/\/www.nadidekorkut.com.tr\/index.php?rest_route=%2Fwp%2Fv2%2Fcomments&post=5263"}],"version-history":[{"count":2,"href":"https:\/\/www.nadidekorkut.com.tr\/index.php?rest_route=\/wp\/v2\/pages\/5263\/revisions"}],"predecessor-version":[{"id":5280,"href":"https:\/\/www.nadidekorkut.com.tr\/index.php?rest_route=\/wp\/v2\/pages\/5263\/revisions\/5280"}],"wp:attachment":[{"href":"https:\/\/www.nadidekorkut.com.tr\/index.php?rest_route=%2Fwp%2Fv2%2Fmedia&parent=5263"}],"curies":[{"name":"wp","href":"https:\/\/api.w.org\/{rel}","templated":true}]}}