{"id":3979,"date":"2021-05-07T10:14:33","date_gmt":"2021-05-07T10:14:33","guid":{"rendered":"http:\/\/quanticalabs.com\/wptest\/medicenter-new\/?page_id=3979"},"modified":"2022-05-15T17:41:56","modified_gmt":"2022-05-15T17:41:56","slug":"home-veterinary","status":"publish","type":"page","link":"https:\/\/www.nadidekorkut.com.tr\/","title":{"rendered":"Home Veterinary"},"content":{"rendered":"<p>[vc_row type=&#8221;full-width&#8221;][vc_column][rev_slider_vc alias=&#8221;home-veterinary&#8221;][\/vc_column][\/vc_row][vc_row top_margin=&#8221;page-margin-top-section-vlarge&#8221;][vc_column width=&#8221;1\/2&#8243;]<h3 class=\"box-header\">Op. Dr. Nadide Korkut<\/h3><h2 class=\"box-header large margin-top-30 no-border\">Kad\u0131n Hastal\u0131klar\u0131 ve Do\u011fum Uzman\u0131<\/h2>[vc_column_text el_class=&#8221;large margin-top-10&#8243;]&#8221;Hayata ad\u0131mlar\u0131n\u0131 atan mucize bebeklerin hikayelerinde yer almaktan mutluluk duyuyoruz. Hepsine g\u00fczel, sa\u011fl\u0131kl\u0131 ve huzurlu bir ya\u015fam diliyoruz.&#8221;[\/vc_column_text]<h3 class=\"box-header margin-top-20 no-border\">Uzmanl\u0131k ve Hizmet Alanlar\u0131m\u0131z<\/h3>[vc_row_inner][vc_column_inner width=&#8221;1\/2&#8243;]<ul class=\"simple-list margin-top-30 clearfix\"><li class=\"template-tick-2 clearfix\">\n\t\t\t<span>Normal ve Sezaryen Do\u011fum (Genel ve Epidural anestezi ile)<\/span><\/li><li class=\"template-tick-2 clearfix\">\n\t\t\t<span>A\u00e7\u0131k ve Kapal\u0131 (Laparaskopik) ve (Histereskopik) operasyonlar<\/span><\/li><li class=\"template-tick-2 clearfix\">\n\t\t\t<span>Gebelik \u00f6ncesi de\u011ferlendirme \u2013 Gebelik Takibi \u2013 Riskli Gebelik<\/span><\/li><li class=\"template-tick-2 clearfix\">\n\t\t\t<span>Rahim i\u00e7i operasyonlar (Myom \u2013 Polip \u2013 Ur ve Perde)<\/span><\/li><\/p>\n<p><li class=\"template-tick-2 clearfix\">\n\t\t\t<span>Cinsel Terapi ve Vaginismus Tedavileri<\/span><\/li><\/ul>[\/vc_column_inner][vc_column_inner el_class=&#8221;mobile-margin-top-0&#8243; width=&#8221;1\/2&#8243;]<ul class=\"simple-list margin-top-30 clearfix\"><li class=\"template-tick-2 clearfix\">\n\t\t\t<span>Genital Estetik (Vajina Daraltma \u2013 Labium &#8211; K\u00fc\u00e7\u00fck ve B\u00fcy\u00fck Dudaklar Esteti\u011fi &#8211; Himen K\u0131zl\u0131k Zar\u0131 Esteti\u011fi)<\/span><\/li><li class=\"template-tick-2 clearfix\">\n\t\t\t<span>Genital b\u00f6lgede Sarkma ve \u0130drar ka\u00e7\u0131rma te\u015fhis \u2013 Ameliyat ve Tedavileri<\/span><\/li><li class=\"template-tick-2 clearfix\">\n\t\t\t<span>Genital Enfeksiyonlar, HPV, Si\u011fil Tedavileri ve Kolposkopik inceleme ve HPV A\u015f\u0131lar (Gardasil A\u015f\u0131)<\/span><\/li><li class=\"template-tick-2 clearfix\">\n\t\t\t<span>Puberte (Ergenlik) Gen\u00e7 k\u0131zl\u0131k Problemleri<\/span><\/li><\/ul>[\/vc_column_inner][\/vc_row_inner][\/vc_column][vc_column width=&#8221;1\/2&#8243;][vc_single_image image=&#8221;5294&#8243; img_size=&#8221;full&#8221; alignment=&#8221;right&#8221;][vc_single_image image=&#8221;5295&#8243; img_size=&#8221;250&#215;250&#8243; el_class=&#8221;side-image side-image-bottom&#8221;][vc_single_image image=&#8221;5296&#8243; img_size=&#8221;medicenter-gallery-thumb-type-2&#8243; alignment=&#8221;right&#8221; el_class=&#8221;margin-top-30&#8243;][\/vc_column][\/vc_row][vc_row el_class=&#8221;margin-top-92&#8243;][vc_column]<h2 class=\"box-header large align-center\">Tedavide Neden Bizi Se\u00e7melisiniz?<\/h2>[vc_column_text el_class=&#8221;large align-center margin-top-20&#8243;]Ben ve ekibim g\u00f6reve ba\u015flad\u0131\u011f\u0131m\u0131z g\u00fcnden bu g\u00fcne kadar bizimle ilerleyen tedavi etti\u011fimiz t\u00fcm hastalar\u0131m\u0131n hayatlar\u0131na dokunmu\u015f olmaktan son derece gurur duyuyorum. Ba\u015fta ekibim ve ben olmak \u00fczere hastalar\u0131m\u0131za m\u00fcmk\u00fcn olan en iyi bak\u0131m\u0131 sa\u011flayarak iyile\u015fme s\u00fcrecinde yard\u0131mc\u0131 olmak i\u00e7in hep birlikte \u00e7al\u0131\u015f\u0131yoruz.[\/vc_column_text][\/vc_column][\/vc_row][vc_row top_margin=&#8221;page-margin-top&#8221;][vc_column width=&#8221;1\/3&#8243;]<ul class=\"clearfix mc-features mc-features-circle mc-features-style-light mc-features-spacing-large\"><li class=\"item-content clearfix\">\n\t\t\t\t<span class=\"circle\"  title=\"Modern Ekipman\"><span class=\"features-tablet\"><\/span><\/span><div class=\"text\"><h3><span   title=\"Modern Ekipman\">Modern Ekipman<\/span><\/h3><p>Klini\u011fimiz, do\u011fru te\u015fhis ve etkili tedavinin m\u00fcmk\u00fcn oldu\u011fu modern ekipmanlara sahiptir.<\/p>\n<\/div>\n\t\t\t<\/li><li class=\"item-content clearfix\">\n\t\t\t\t<span class=\"circle\"  title=\"Deneyimli Kadro\"><span class=\"features-stethoscope\"><\/span><\/span><div class=\"text\"><h3><span   title=\"Deneyimli Kadro\">Deneyimli Kadro<\/span><\/h3><p>Uzun y\u0131llara dayanan deneyime sahip uzman bir hekim olarak her a\u015famada bana g\u00fcvenebilirsiniz!<\/p>\n<\/div>\n\t\t\t<\/li><\/ul>[\/vc_column][vc_column width=&#8221;1\/3&#8243; el_class=&#8221;margin-top-30&#8243;][vc_single_image image=&#8221;5292&#8243; img_size=&#8221;full&#8221; el_class=&#8221;custom-position-image&#8221;]<ul class=\"clearfix mc-features mc-features-circle mc-features-style-light relative\"><li class=\"item-content clearfix\">\n\t\t\t\t<span class=\"circle\"  title=\"Kad\u0131nlar \u0130\u00e7in Sa\u011fl\u0131k\"><span class=\"features-heart-beat\"><\/span><\/span><div class=\"text\"><h3><span   title=\"Kad\u0131nlar \u0130\u00e7in Sa\u011fl\u0131k\">Kad\u0131nlar \u0130\u00e7in Sa\u011fl\u0131k<\/span><\/h3><p>As\u0131l i\u015fim kad\u0131nlar\u0131m\u0131za her a\u015famada sorunlar\u0131na tutkuyla bir yakla\u015f\u0131m ve b\u00fcy\u00fck bir sevgidir. Her hastaya t\u00fcm uzmanl\u0131\u011f\u0131m ve teknik bilgim ile yakla\u015f\u0131yorum.<\/p>\n<\/div>\n\t\t\t<\/li><\/ul>[\/vc_column][vc_column width=&#8221;1\/3&#8243;]<ul class=\"clearfix mc-features mc-features-circle mc-features-style-light mc-features-spacing-large\"><li class=\"item-content clearfix\">\n\t\t\t\t<span class=\"circle\"  title=\"Optimal Tedavi\"><span class=\"features-book\"><\/span><\/span><div class=\"text\"><h3><span   title=\"Optimal Tedavi\">Optimal Tedavi<\/span><\/h3><p>Ya\u015fad\u0131\u011f\u0131n\u0131z problemin ne oldu\u011funu \u00f6\u011frendikten sonra t\u00fcm olas\u0131 \u00e7\u00f6z\u00fcmleri size sunar\u0131m. <\/p>\n<\/div>\n\t\t\t<\/li><li class=\"item-content clearfix\">\n\t\t\t\t<span class=\"circle\"  title=\"Muayene ve Bak\u0131m\"><span class=\"features-pen\"><\/span><\/span><div class=\"text\"><h3><span   title=\"Muayene ve Bak\u0131m\">Muayene ve Bak\u0131m<\/span><\/h3><p>Sizin, e\u015finizin ya da bir yak\u0131n\u0131n\u0131z hastaysa, kesinlikle benimle ileti\u015fime ge\u00e7menizi ve ziyarete gelmenizi tavsiye ediyorum.<\/p>\n<\/div>\n\t\t\t<\/li><\/ul>[\/vc_column][\/vc_row][vc_row type=&#8221;full-width&#8221; top_margin=&#8221;page-margin-top-section-vlarge&#8221; el_class=&#8221;flex-box&#8221; css=&#8221;.vc_custom_1651998532313{background-image: url(https:\/\/www.nadidekorkut.com.tr\/wp-content\/uploads\/2022\/04\/Bebek-Onemli-Crop.jpg?id=5443) !important;}&#8221;][vc_column width=&#8221;1\/2&#8243; css=&#8221;.vc_custom_1651881220499{background-image: url(https:\/\/www.nadidekorkut.com.tr\/wp-content\/uploads\/2022\/04\/Yeni-dogan-Crop.jpg?id=5288) !important;background-position: center !important;background-repeat: no-repeat !important;background-size: cover !important;}&#8221;][vc_single_image image=&#8221;5443&#8243; img_size=&#8221;large&#8221; el_class=&#8221;flex-hide&#8221;][\/vc_column][vc_column width=&#8221;1\/2&#8243; css=&#8221;.vc_custom_1651231779869{background-color: #344c70 !important;background-position: 0 0 !important;background-repeat: no-repeat !important;}&#8221; el_class=&#8221;padding-top-200 padding-bottom-100 background-right-bottom&#8221;]<ul class=\"columns full-width horizontal-carousel testimonials testimonials id-testimonials autoplay-0 pause_on_hover-1 scroll-1 effect-scroll easing-swing duration-500 testimonials-full-width testimonials-bottom-controls white\"><li class=\"wpb_column vc_column_container vc_col-sm-12 template-quote-2\">\n\t\t\t\t<h3 class=\"sentence\">Son bir y\u0131ld\u0131r Nadide Han\u0131m\u0131n dan\u0131\u015fan\u0131y\u0131m. Bu s\u00fcre zarf\u0131nda akl\u0131ma tak\u0131lan sorulardan tutunda fiziksel operasyonlara kadar hep yan\u0131mdayd\u0131 ve hep \u00e7ok memnun kald\u0131m.<\/h3>\n\t\t\t\t<div class=\"clearfix\"><span class=\"sentence-author\">\u00c7ilem Demir<\/span><\/div>\n\t\t\t<\/li><li class=\"wpb_column vc_column_container vc_col-sm-12 template-quote-2\">\n\t\t\t\t<h3 class=\"sentence\">Nadide han\u0131mla kar\u015f\u0131la\u015fmadan \u00f6nce, kendisinin ve ekibinin m\u00fckemmel itibar\u0131n\u0131n fark\u0131ndayd\u0131m ve bir\u00e7ok arkada\u015f\u0131m ameliyat\u0131m\u0131 orada planlad\u0131\u011f\u0131m i\u00e7in ne kadar \u015fansl\u0131 oldu\u011fum hakk\u0131nda yorum yapt\u0131. Sonu\u00e7 olarak beklentilerim y\u00fcksekti y\u00fcksek beklentimin de \u00fczerinde kalarak beni olduk\u00e7a memnun ettiler.<\/h3>\n\t\t\t\t<div class=\"clearfix\"><span class=\"sentence-author\">Nesli \u015ean<\/span><\/div>\n\t\t\t<\/li><li class=\"wpb_column vc_column_container vc_col-sm-12 template-quote-2\">\n\t\t\t\t<h3 class=\"sentence\">Nadide han\u0131m\u0131n kendisi ba\u015fta olmak \u00fczere t\u00fcm ekibi ve yard\u0131mc\u0131lar\u0131 hem manevi hem de fiziksel olarak ihtiyac\u0131m olan her \u015feyin alt\u0131ndan kalkarak beni taburcu ettiler. Kendilerine \u00e7ok te\u015fekk\u00fcr ederim.<\/h3>\n\t\t\t\t<div class=\"clearfix\"><span class=\"sentence-author\">\u00d6zlem Eslen<\/span><\/div>\n\t\t\t<\/li><\/ul><ul class=\"clearfix scrolling-controls page-margin-top-section\">\n\t\t\t<li><a href=\"#\" id=\"testimonials_prev\" class=\"scrolling-list-control-left template-arrow-horizontal-3\"><\/a><\/li>\n\t\t\t<li><a href=\"#\" id=\"testimonials_next\" class=\"scrolling-list-control-right template-arrow-horizontal-3\"><\/a><\/li>\n\t\t<\/ul>[\/vc_column][\/vc_row][vc_row el_class=&#8221;margin-top-92&#8243;][vc_column width=&#8221;1\/3&#8243;]<h2 class=\"box-header large no-border\">Sizinle Tan\u0131\u015fmak, Muayene ve Tedaviye Ba\u015flamay\u0131 D\u00f6rt G\u00f6zle Bekliyoruz<\/h2>[\/vc_column][vc_column width=&#8221;2\/3&#8243;][vc_column_text el_class=&#8221;large padding-0&#8243;]\u0130stanbul&#8217;da tam hizmet veren bir klinik olarak, kad\u0131n hastal\u0131klar\u0131 konusunda herhangi bir ihtiya\u00e7 varsa, bunu sa\u011flayacak donan\u0131ma ve teknik bilgiye sahibim. Her t\u00fcrl\u00fc kad\u0131n hastal\u0131klar\u0131 ameliyatlar\u0131 ve t\u00fcm riskli gebelik takipleri taraf\u0131mca profesyonel olarak sa\u011flanmaktad\u0131r. Hadi hizmet alanlar\u0131ma g\u00f6z at\u0131n.[\/vc_column_text][\/vc_column][\/vc_row][vc_row top_margin=&#8221;page-margin-top-section&#8221;][vc_column]<ul class=\"services-list clearfix services-spacing\"><li class=\"vc_row wpb_row vc_row-fluid\"><ul><li><a href=\"https:\/\/www.nadidekorkut.com.tr\/?ql_services=gebelik-takibi\" title=\"Gebelik Takibi\"><img loading=\"lazy\" decoding=\"async\" width=\"480\" height=\"320\" src=\"https:\/\/www.nadidekorkut.com.tr\/wp-content\/uploads\/2021\/05\/pregnant-woman-wearing-casual-attire-with-finger-her-chin-enjoying-her-pregnancy-480x320.jpg\" class=\"attachment-medium-thumb size-medium-thumb wp-post-image\" alt=\"Gebelik Takibi\" title=\"\" srcset=\"https:\/\/www.nadidekorkut.com.tr\/wp-content\/uploads\/2021\/05\/pregnant-woman-wearing-casual-attire-with-finger-her-chin-enjoying-her-pregnancy-480x320.jpg 480w, https:\/\/www.nadidekorkut.com.tr\/wp-content\/uploads\/2021\/05\/pregnant-woman-wearing-casual-attire-with-finger-her-chin-enjoying-her-pregnancy-300x200.jpg 300w, https:\/\/www.nadidekorkut.com.tr\/wp-content\/uploads\/2021\/05\/pregnant-woman-wearing-casual-attire-with-finger-her-chin-enjoying-her-pregnancy-1024x683.jpg 1024w, https:\/\/www.nadidekorkut.com.tr\/wp-content\/uploads\/2021\/05\/pregnant-woman-wearing-casual-attire-with-finger-her-chin-enjoying-her-pregnancy-768x512.jpg 768w, https:\/\/www.nadidekorkut.com.tr\/wp-content\/uploads\/2021\/05\/pregnant-woman-wearing-casual-attire-with-finger-her-chin-enjoying-her-pregnancy-1536x1024.jpg 1536w, https:\/\/www.nadidekorkut.com.tr\/wp-content\/uploads\/2021\/05\/pregnant-woman-wearing-casual-attire-with-finger-her-chin-enjoying-her-pregnancy-2048x1365.jpg 2048w, https:\/\/www.nadidekorkut.com.tr\/wp-content\/uploads\/2021\/05\/pregnant-woman-wearing-casual-attire-with-finger-her-chin-enjoying-her-pregnancy-670x446.jpg 670w, https:\/\/www.nadidekorkut.com.tr\/wp-content\/uploads\/2021\/05\/pregnant-woman-wearing-casual-attire-with-finger-her-chin-enjoying-her-pregnancy-600x400.jpg 600w, https:\/\/www.nadidekorkut.com.tr\/wp-content\/uploads\/2021\/05\/pregnant-woman-wearing-casual-attire-with-finger-her-chin-enjoying-her-pregnancy-390x260.jpg 390w, https:\/\/www.nadidekorkut.com.tr\/wp-content\/uploads\/2021\/05\/pregnant-woman-wearing-casual-attire-with-finger-her-chin-enjoying-her-pregnancy-285x190.jpg 285w\" sizes=\"auto, (max-width: 480px) 100vw, 480px\" \/><\/a><div class=\"service-details\"><h4><a href=\"https:\/\/www.nadidekorkut.com.tr\/?ql_services=gebelik-takibi\" title=\"Gebelik Takibi\">Gebelik Takibi<\/a><\/h4><p>Rutin kontroller, diyet, a\u015f\u0131lar ve egzersiz birlikte gebelik s\u00fcrecinizin dolu ve mutlu bir ya\u015fam s\u00fcrmesine yard\u0131mc\u0131 oluyoruz.<\/p>\n<\/div><\/li><li><a href=\"https:\/\/www.nadidekorkut.com.tr\/?ql_services=adet-duzensizligi\" title=\"Adet D\u00fczensizli\u011fi\"><img loading=\"lazy\" decoding=\"async\" width=\"480\" height=\"320\" src=\"https:\/\/www.nadidekorkut.com.tr\/wp-content\/uploads\/2021\/05\/woman-having-stomach-ache-bending-with-hands-belly-discomfort-from-menstrual-cramps-480x320.jpg\" class=\"attachment-medium-thumb size-medium-thumb wp-post-image\" alt=\"Adet D\u00fczensizli\u011fi\" title=\"\" srcset=\"https:\/\/www.nadidekorkut.com.tr\/wp-content\/uploads\/2021\/05\/woman-having-stomach-ache-bending-with-hands-belly-discomfort-from-menstrual-cramps-480x320.jpg 480w, https:\/\/www.nadidekorkut.com.tr\/wp-content\/uploads\/2021\/05\/woman-having-stomach-ache-bending-with-hands-belly-discomfort-from-menstrual-cramps-300x200.jpg 300w, https:\/\/www.nadidekorkut.com.tr\/wp-content\/uploads\/2021\/05\/woman-having-stomach-ache-bending-with-hands-belly-discomfort-from-menstrual-cramps-1024x683.jpg 1024w, https:\/\/www.nadidekorkut.com.tr\/wp-content\/uploads\/2021\/05\/woman-having-stomach-ache-bending-with-hands-belly-discomfort-from-menstrual-cramps-768x512.jpg 768w, https:\/\/www.nadidekorkut.com.tr\/wp-content\/uploads\/2021\/05\/woman-having-stomach-ache-bending-with-hands-belly-discomfort-from-menstrual-cramps-1536x1024.jpg 1536w, https:\/\/www.nadidekorkut.com.tr\/wp-content\/uploads\/2021\/05\/woman-having-stomach-ache-bending-with-hands-belly-discomfort-from-menstrual-cramps-2048x1365.jpg 2048w, https:\/\/www.nadidekorkut.com.tr\/wp-content\/uploads\/2021\/05\/woman-having-stomach-ache-bending-with-hands-belly-discomfort-from-menstrual-cramps-670x446.jpg 670w, https:\/\/www.nadidekorkut.com.tr\/wp-content\/uploads\/2021\/05\/woman-having-stomach-ache-bending-with-hands-belly-discomfort-from-menstrual-cramps-600x400.jpg 600w, https:\/\/www.nadidekorkut.com.tr\/wp-content\/uploads\/2021\/05\/woman-having-stomach-ache-bending-with-hands-belly-discomfort-from-menstrual-cramps-390x260.jpg 390w, https:\/\/www.nadidekorkut.com.tr\/wp-content\/uploads\/2021\/05\/woman-having-stomach-ache-bending-with-hands-belly-discomfort-from-menstrual-cramps-285x190.jpg 285w\" sizes=\"auto, (max-width: 480px) 100vw, 480px\" \/><\/a><div class=\"service-details\"><h4><a href=\"https:\/\/www.nadidekorkut.com.tr\/?ql_services=adet-duzensizligi\" title=\"Adet D\u00fczensizli\u011fi\">Adet D\u00fczensizli\u011fi<\/a><\/h4><p>Hastalar\u0131m\u0131za en kaliteli ilac\u0131 ve dolayl\u0131 yoldan en g\u00fc\u00e7l\u00fc tedaviyi sunmaya \u00e7al\u0131\u015f\u0131yoruz. Ayn\u0131 zaman da radyoloji ve ultrason g\u00f6r\u00fcnt\u00fcleme hizmetleri sunuyoruz.<\/p>\n<\/div><\/li><li><a href=\"https:\/\/www.nadidekorkut.com.tr\/?ql_services=erken-menopoz\" title=\"Erken Menopoz\"><img loading=\"lazy\" decoding=\"async\" width=\"480\" height=\"320\" src=\"https:\/\/www.nadidekorkut.com.tr\/wp-content\/uploads\/2021\/05\/blonde-senior-woman-being-happy-against-blue-background-480x320.jpg\" class=\"attachment-medium-thumb size-medium-thumb wp-post-image\" alt=\"Erken Menopoz\" title=\"\" srcset=\"https:\/\/www.nadidekorkut.com.tr\/wp-content\/uploads\/2021\/05\/blonde-senior-woman-being-happy-against-blue-background-480x320.jpg 480w, https:\/\/www.nadidekorkut.com.tr\/wp-content\/uploads\/2021\/05\/blonde-senior-woman-being-happy-against-blue-background-670x446.jpg 670w, https:\/\/www.nadidekorkut.com.tr\/wp-content\/uploads\/2021\/05\/blonde-senior-woman-being-happy-against-blue-background-600x400.jpg 600w, https:\/\/www.nadidekorkut.com.tr\/wp-content\/uploads\/2021\/05\/blonde-senior-woman-being-happy-against-blue-background-390x260.jpg 390w, https:\/\/www.nadidekorkut.com.tr\/wp-content\/uploads\/2021\/05\/blonde-senior-woman-being-happy-against-blue-background-285x190.jpg 285w\" sizes=\"auto, (max-width: 480px) 100vw, 480px\" \/><\/a><div class=\"service-details\"><h4><a href=\"https:\/\/www.nadidekorkut.com.tr\/?ql_services=erken-menopoz\" title=\"Erken Menopoz\">Erken Menopoz<\/a><\/h4><p>Erken Menopoz sa\u011fl\u0131\u011f\u0131n\u0131z\u0131n \u00f6nemli bir par\u00e7as\u0131d\u0131r dikkatli ve yumu\u015fak bir ge\u00e7i\u015f yapmad\u0131\u011f\u0131n\u0131z takdirde ciddi sa\u011fl\u0131k sorunlar\u0131 ya\u015fayabilirsiniz.<\/p>\n<\/div><\/li><\/ul><\/li><\/ul>[\/vc_column][\/vc_row][vc_row el_class=&#8221;align-center padding-top-63 padding-bottom-13&#8243;][vc_column][vc_button title=&#8221;Hizmetlerim&#8221; size=&#8221;large&#8221; style=&#8221;light-color&#8221; href=&#8221;https:\/\/www.nadidekorkut.com.tr\/?page_id=3794&#8243; el_class=&#8221;single-button&#8221;][\/vc_column][\/vc_row][vc_row][vc_column][vc_empty_space][vc_column_text]<\/p>\n<div class=\"wpb_text_column wpb_content_element \">\n<div class=\"wpb_wrapper\">\n<h1 style=\"text-align: center;\">Kendin Hesaplamak \u0130ster Misin?<\/h1>\n<\/div>\n<\/div>\n<p>[\/vc_column_text][vc_column_text]<\/p>\n<p style=\"text-align: center;\">Do\u011fumdan \u00f6nce, Do\u011fumdan sonra ya da herhangi bir hastal\u0131\u011f\u0131n\u0131z i\u00e7in baz\u0131 hesaplamalar yapman\u0131z gerekebilir. Yapt\u0131\u011f\u0131m\u0131z beyin f\u0131rt\u0131nas\u0131 toplant\u0131lar\u0131ndan sonra sizler i\u00e7in ihtiyac\u0131n\u0131z olan &#8220;7&#8221; adet hesaplama arac\u0131 geli\u015ftirdik. Hadi hemen a\u015fa\u011f\u0131dan bilmeniz gereken konu hakk\u0131nda hesaplama yap\u0131n. Sadece g\u00f6rsellerin \u00fczerine t\u0131klaman\u0131z yeterli olacakt\u0131r.<\/p>\n<p>[\/vc_column_text][vc_empty_space][\/vc_column][\/vc_row][vc_row][vc_column width=&#8221;1\/3&#8243;][vc_single_image image=&#8221;5570&#8243; img_size=&#8221;full&#8221; onclick=&#8221;custom_link&#8221; img_link_target=&#8221;_blank&#8221; link=&#8221;https:\/\/www.nadidekorkut.com.tr\/?page_id=5228&#8243;][vc_empty_space height=&#8221;30px&#8221;][vc_single_image image=&#8221;5584&#8243; img_size=&#8221;full&#8221; onclick=&#8221;custom_link&#8221; link=&#8221;https:\/\/www.nadidekorkut.com.tr\/?page_id=5252&#8243;][\/vc_column][vc_column width=&#8221;1\/3&#8243;][vc_single_image image=&#8221;5571&#8243; img_size=&#8221;full&#8221; onclick=&#8221;custom_link&#8221; link=&#8221;https:\/\/www.nadidekorkut.com.tr\/?page_id=5263&#8243;][vc_empty_space height=&#8221;30px&#8221;][vc_single_image image=&#8221;5577&#8243; img_size=&#8221;full&#8221; onclick=&#8221;custom_link&#8221; link=&#8221;https:\/\/www.nadidekorkut.com.tr\/?page_id=5248&#8243;][vc_empty_space height=&#8221;30px&#8221;][vc_single_image image=&#8221;5583&#8243; img_size=&#8221;full&#8221; onclick=&#8221;custom_link&#8221; link=&#8221;https:\/\/www.nadidekorkut.com.tr\/?page_id=5256&#8243;][\/vc_column][vc_column width=&#8221;1\/3&#8243;][vc_single_image image=&#8221;5572&#8243; img_size=&#8221;full&#8221; onclick=&#8221;custom_link&#8221; link=&#8221;https:\/\/www.nadidekorkut.com.tr\/?page_id=5254&#8243;][vc_empty_space height=&#8221;30px&#8221;][vc_single_image image=&#8221;5582&#8243; img_size=&#8221;full&#8221; onclick=&#8221;custom_link&#8221; link=&#8221;https:\/\/www.nadidekorkut.com.tr\/?page_id=5258&#8243;][\/vc_column][\/vc_row][vc_row type=&#8221;full-width&#8221; top_margin=&#8221;page-margin-top-section-vlarge&#8221; el_class=&#8221;flex-box&#8221; css=&#8221;.vc_custom_1620392645841{background-color: #ffffff !important;}&#8221;][vc_column width=&#8221;1\/2&#8243; el_class=&#8221;padding-bottom-100 column-limited&#8221;][vc_row_inner el_class=&#8221;padding-right-100&#8243;][vc_column_inner]<h3 class=\"box-header margin-top-92\">\u0130leti\u015fim Detaylar\u0131<\/h3><h2 class=\"box-header large margin-top-30 no-border\">Op. Dr. Nadide Korkut<\/h2>[\/vc_column_inner][\/vc_row_inner][vc_row_inner el_class=&#8221;padding-right-100 margin-top-15&#8243;][vc_column_inner width=&#8221;1\/2&#8243;][vc_column_text el_class=&#8221;large&#8221;]Be\u015fyol Mahallesi Akasya Sokak No: 4<br \/>\nK\u00fc\u00e7\u00fck\u00e7ekmece \/ \u0130stanbul<\/p>\n<p>bilgi@nadidekorkut.com.tr[\/vc_column_text][\/vc_column_inner][vc_column_inner width=&#8221;1\/2&#8243;][vc_column_text el_class=&#8221;large&#8221;]\u00c7al\u0131\u015fma Saatlerimiz<br \/>\nPazartesi- Cuma: 08:00 &#8211; 18:00<br \/>\nHaftasonu: 09:00 am &#8211; 15:00 pm[\/vc_column_text][\/vc_column_inner][\/vc_row_inner][vc_row_inner el_class=&#8221;margin-top-20&#8243;][vc_column_inner]<h2 class=\"box-header no-border\">Acil Durum \u0130leti\u015fim Hatt\u0131<\/h2><h2 class=\"box-header no-border\">(0542) 432 95 86<\/h2>[\/vc_column_inner][\/vc_row_inner][\/vc_column][vc_column width=&#8221;1\/2&#8243;][vc_raw_html]JTNDaWZyYW1lJTIwc3JjJTNEJTIyaHR0cHMlM0ElMkYlMkZ3d3cuZ29vZ2xlLmNvbSUyRm1hcHMlMkZlbWJlZCUzRnBiJTNEJTIxMW0xOCUyMTFtMTIlMjExbTMlMjExZDMwMTAuNzg1NDM1MDIwNDIlMjEyZDI4Ljc4NjQwMDY1MTYwMjgyJTIxM2Q0MS4wMDgwNjkyNzkxOTkyMSUyMTJtMyUyMTFmMCUyMTJmMCUyMTNmMCUyMTNtMiUyMTFpMTAyNCUyMTJpNzY4JTIxNGYxMy4xJTIxM20zJTIxMW0yJTIxMXMweDE0Y2FhM2Y1NDBkOTYwMGQlMjUzQTB4NDA1YzIwNjI5NzA2ZDRmMiUyMTJ6UW1YRm4zbHZiQ3dnUVd0aGMzbGhJRk5yTGlCT2J6b2dOQ3dnTXpReU9UVWdTOE84dzZmRHZHdkRwMlZyYldWalpTX0VzSE4wWVc1aWRXd3NJRlREdkhKcmFYbGwlMjE1ZTAlMjEzbTIlMjExc3RyJTIxMnN2aSUyMTR2MTY1MTMxNjgxNzEyNiUyMTVtMiUyMTFzdHIlMjEyc3ZpJTIyJTIwd2lkdGglM0QlMjI3NTAlMjIlMjBoZWlnaHQlM0QlMjI3MDAlMjIlMjBzdHlsZSUzRCUyMmJvcmRlciUzQTAlM0IlMjIlMjBhbGxvd2Z1bGxzY3JlZW4lM0QlMjIlMjIlMjBsb2FkaW5nJTNEJTIybGF6eSUyMiUyMHJlZmVycmVycG9saWN5JTNEJTIybm8tcmVmZXJyZXItd2hlbi1kb3duZ3JhZGUlMjIlM0UlM0MlMkZpZnJhbWUlM0U=[\/vc_raw_html][\/vc_column][\/vc_row]<\/p>\n","protected":false},"excerpt":{"rendered":"<p>[vc_row type=&#8221;full-width&#8221;][vc_column][rev_slider_vc alias=&#8221;home-veterinary&#8221;][\/vc_column][\/vc_row][vc_row top_margin=&#8221;page-margin-top-section-vlarge&#8221;][vc_column width=&#8221;1\/2&#8243;][vc_column_text el_class=&#8221;large margin-top-10&#8243;]&#8221;Hayata ad\u0131mlar\u0131n\u0131 atan mucize bebeklerin hikayelerinde yer almaktan mutluluk duyuyoruz. Hepsine g\u00fczel, sa\u011fl\u0131kl\u0131 ve huzurlu bir ya\u015fam diliyoruz.&#8221;[\/vc_column_text][vc_row_inner][vc_column_inner width=&#8221;1\/2&#8243;][\/vc_column_inner][vc_column_inner el_class=&#8221;mobile-margin-top-0&#8243; width=&#8221;1\/2&#8243;][\/vc_column_inner][\/vc_row_inner][\/vc_column][vc_column width=&#8221;1\/2&#8243;][vc_single_image image=&#8221;5294&#8243; img_size=&#8221;full&#8221; alignment=&#8221;right&#8221;][vc_single_image image=&#8221;5295&#8243; img_size=&#8221;250&#215;250&#8243; el_class=&#8221;side-image side-image-bottom&#8221;][vc_single_image image=&#8221;5296&#8243; img_size=&#8221;medicenter-gallery-thumb-type-2&#8243; alignment=&#8221;right&#8221; el_class=&#8221;margin-top-30&#8243;][\/vc_column][\/vc_row][vc_row el_class=&#8221;margin-top-92&#8243;][vc_column][vc_column_text el_class=&#8221;large align-center margin-top-20&#8243;]Ben ve ekibim g\u00f6reve ba\u015flad\u0131\u011f\u0131m\u0131z g\u00fcnden bu g\u00fcne kadar bizimle ilerleyen tedavi etti\u011fimiz<\/p>\n","protected":false},"author":1,"featured_media":0,"parent":0,"menu_order":0,"comment_status":"closed","ping_status":"closed","template":"template-default-without-breadcrumbs.php","meta":{"footnotes":""},"class_list":["post-3979","page","type-page","status-publish","hentry"],"_links":{"self":[{"href":"https:\/\/www.nadidekorkut.com.tr\/index.php?rest_route=\/wp\/v2\/pages\/3979","targetHints":{"allow":["GET"]}}],"collection":[{"href":"https:\/\/www.nadidekorkut.com.tr\/index.php?rest_route=\/wp\/v2\/pages"}],"about":[{"href":"https:\/\/www.nadidekorkut.com.tr\/index.php?rest_route=\/wp\/v2\/types\/page"}],"author":[{"embeddable":true,"href":"https:\/\/www.nadidekorkut.com.tr\/index.php?rest_route=\/wp\/v2\/users\/1"}],"replies":[{"embeddable":true,"href":"https:\/\/www.nadidekorkut.com.tr\/index.php?rest_route=%2Fwp%2Fv2%2Fcomments&post=3979"}],"version-history":[{"count":86,"href":"https:\/\/www.nadidekorkut.com.tr\/index.php?rest_route=\/wp\/v2\/pages\/3979\/revisions"}],"predecessor-version":[{"id":5650,"href":"https:\/\/www.nadidekorkut.com.tr\/index.php?rest_route=\/wp\/v2\/pages\/3979\/revisions\/5650"}],"wp:attachment":[{"href":"https:\/\/www.nadidekorkut.com.tr\/index.php?rest_route=%2Fwp%2Fv2%2Fmedia&parent=3979"}],"curies":[{"name":"wp","href":"https:\/\/api.w.org\/{rel}","templated":true}]}}